{"id":2254,"date":"2024-12-13T08:44:04","date_gmt":"2024-12-13T07:44:04","guid":{"rendered":"https:\/\/analysportalnorr.se\/?page_id=2254"},"modified":"2024-12-13T08:57:16","modified_gmt":"2024-12-13T07:57:16","slug":"presentationer-regiondatabaskonferensen-4-5-december","status":"publish","type":"page","link":"https:\/\/analysportalnorr.se\/?page_id=2254","title":{"rendered":"Presentationer Regiondatabaskonferensen 4-5 december"},"content":{"rendered":"<p><a href=\"https:\/\/analysportalnorr.se\/wp-content\/uploads\/2024\/12\/A1_Demo_Tabellbyggaren.pptx\">A1_Demo_Tabellbyggaren<\/a><\/p>\n<p><a href=\"https:\/\/analysportalnorr.se\/wp-content\/uploads\/2024\/12\/A1_MONA-SuperWEB2.pptx\">A1_MONA &#038; SuperWEB2<\/a><\/p>\n<p><a href=\"https:\/\/analysportalnorr.se\/wp-content\/uploads\/2024\/12\/A2_Presentation-Tillvaxtanalys-4-dec_Hakan_gadd.pptx\">A2_Presentation Tillva\u0308xtanalys 4 dec_Hakan_gadd<\/a><\/p>\n<p><a href=\"https:\/\/analysportalnorr.se\/wp-content\/uploads\/2024\/12\/A3_Gis-o-samhallsplanering-Regiondatabaskonferens-2024_jenny_jernstrom.pptx\">A3_Gis o samh\u00e4llsplanering Regiondatabaskonferens 2024_jenny_jernstrom<\/a><\/p>\n<p><a href=\"https:\/\/analysportalnorr.se\/wp-content\/uploads\/2024\/12\/A3_Presentation-data-ruta_ilkka_kemppainen.pptx\">A3_Presentation data ruta_ilkka_kemppainen<\/a><\/p>\n<p><a href=\"https:\/\/analysportalnorr.se\/wp-content\/uploads\/2024\/12\/A3_Regionala-supercrossdatabaser-tips-och-tricks_anna_norin.pptx\">A3_Regionala supercrossdatabaser &#8211; tips och tricks_anna_norin<\/a><\/p>\n<p><a href=\"https:\/\/analysportalnorr.se\/wp-content\/uploads\/2024\/12\/A4_Regiondatabaskonferens2024_trafa_florian_stamm.pptx\">A4_Regiondatabaskonferens2024_trafa_florian_stamm<\/a><\/p>\n<p><a href=\"https:\/\/analysportalnorr.se\/wp-content\/uploads\/2024\/12\/A6_RKA_AI-och-Kolada_Clas_Algenas.pptx\">A6_RKA_AI och Kolada_Clas_Algenas<\/a><\/p>\n<p><a href=\"https:\/\/analysportalnorr.se\/wp-content\/uploads\/2024\/12\/B1_Anvandarmote-Regiondatabaserna_petros_likidis.pptx\">B1_Anv\u00e4ndarm\u00f6te-Regiondatabaserna_petros_likidis<\/a><\/p>\n<p><a href=\"https:\/\/analysportalnorr.se\/wp-content\/uploads\/2024\/12\/B1_Statistiksekretess-regiondatabasen-dec-2024-Daniel_granqvist.pptx\">B1_Statistiksekretess-regiondatabasen-dec-2024 Daniel_granqvist<\/a><\/p>\n<p><a href=\"https:\/\/analysportalnorr.se\/wp-content\/uploads\/2024\/12\/B2_Regiondatabaskonferens_Digg_24-12-05_josefin.pptx\">B2_Regiondatabaskonferens_Digg_24-12-05_josefin<\/a><\/p>\n<p><a href=\"https:\/\/analysportalnorr.se\/wp-content\/uploads\/2024\/12\/B3_Regiondatabaskonferensen-241205-Anna_Bergman.pptx\">B3_Regiondatabaskonferensen 241205 Anna_Bergman<\/a><\/p>\n<p><a href=\"https:\/\/analysportalnorr.se\/wp-content\/uploads\/2024\/12\/B4_Intro-R_regiondatabaskonf-2024_christian_forsberg.pptx\">B4_Intro-R_regiondatabaskonf-2024_christian_forsberg<\/a><\/p>\n<p><a href=\"https:\/\/analysportalnorr.se\/wp-content\/uploads\/2024\/12\/B5_Keynote-_5December_Org_Anthony.pptx\">B5_Keynote _5December_Org_Anthony<\/a><\/p>\n<p><a href=\"https:\/\/analysportalnorr.se\/wp-content\/uploads\/2024\/12\/B6_Regiondatabasen_Anvandarstatistik_2024_ver-3_Christina_Grandelius.pptx\">B6_Regiondatabasen_Anv\u00e4ndarstatistik_2024_ver 3_Christina_Grandelius<\/a><\/p>\n<p>H\u00e4r \u00e4r \u00e4ven Lathund f\u00f6r QGIS och rutor gjord av Region Stockholm samt programmet<br \/>\n<a href=\"https:\/\/analysportalnorr.se\/wp-content\/uploads\/2024\/12\/Supercross-till-Qgis.pdf\">Supercross till Qgis<\/a><\/p>\n<p><a href=\"https:\/\/analysportalnorr.se\/wp-content\/uploads\/2024\/12\/Inbjudan-anvandarkonferens-2024_241202.pdf\">Inbjudan anv\u00e4ndarkonferens 2024_241202<\/a><\/p>\n","protected":false},"excerpt":{"rendered":"<p>A1_Demo_Tabellbyggaren A1_MONA &#038; SuperWEB2 A2_Presentation Tillva\u0308xtanalys 4 dec_Hakan_gadd A3_Gis o samh\u00e4llsplanering Regiondatabaskonferens 2024_jenny_jernstrom A3_Presentation data ruta_ilkka_kemppainen A3_Regionala supercrossdatabaser &#8211; tips och tricks_anna_norin A4_Regiondatabaskonferens2024_trafa_florian_stamm A6_RKA_AI och Kolada_Clas_Algenas B1_Anv\u00e4ndarm\u00f6te-Regiondatabaserna_petros_likidis B1_Statistiksekretess-regiondatabasen-dec-2024 Daniel_granqvist B2_Regiondatabaskonferens_Digg_24-12-05_josefin B3_Regiondatabaskonferensen 241205 Anna_Bergman B4_Intro-R_regiondatabaskonf-2024_christian_forsberg B5_Keynote _5December_Org_Anthony B6_Regiondatabasen_Anv\u00e4ndarstatistik_2024_ver 3_Christina_Grandelius H\u00e4r \u00e4r \u00e4ven Lathund f\u00f6r QGIS och rutor gjord av Region Stockholm samt programmet Supercross till Qgis [&hellip;]<\/p>\n","protected":false},"author":10,"featured_media":0,"parent":0,"menu_order":0,"comment_status":"closed","ping_status":"closed","template":"","meta":{"_et_pb_use_builder":"","_et_pb_old_content":"","_et_gb_content_width":"","footnotes":""},"class_list":["post-2254","page","type-page","status-publish","hentry"],"_links":{"self":[{"href":"https:\/\/analysportalnorr.se\/index.php?rest_route=\/wp\/v2\/pages\/2254","targetHints":{"allow":["GET"]}}],"collection":[{"href":"https:\/\/analysportalnorr.se\/index.php?rest_route=\/wp\/v2\/pages"}],"about":[{"href":"https:\/\/analysportalnorr.se\/index.php?rest_route=\/wp\/v2\/types\/page"}],"author":[{"embeddable":true,"href":"https:\/\/analysportalnorr.se\/index.php?rest_route=\/wp\/v2\/users\/10"}],"replies":[{"embeddable":true,"href":"https:\/\/analysportalnorr.se\/index.php?rest_route=%2Fwp%2Fv2%2Fcomments&post=2254"}],"version-history":[{"count":3,"href":"https:\/\/analysportalnorr.se\/index.php?rest_route=\/wp\/v2\/pages\/2254\/revisions"}],"predecessor-version":[{"id":2274,"href":"https:\/\/analysportalnorr.se\/index.php?rest_route=\/wp\/v2\/pages\/2254\/revisions\/2274"}],"wp:attachment":[{"href":"https:\/\/analysportalnorr.se\/index.php?rest_route=%2Fwp%2Fv2%2Fmedia&parent=2254"}],"curies":[{"name":"wp","href":"https:\/\/api.w.org\/{rel}","templated":true}]}}