{"id":473,"date":"2021-09-30T13:13:50","date_gmt":"2021-09-30T13:13:50","guid":{"rendered":"https:\/\/analysportalnorr.se\/?page_id=473"},"modified":"2022-01-14T12:09:19","modified_gmt":"2022-01-14T11:09:19","slug":"om-oss","status":"publish","type":"page","link":"https:\/\/analysportalnorr.se\/?page_id=473","title":{"rendered":"Om oss"},"content":{"rendered":"<p>Sidan presenteras av de fyra nordligaste regionerna: Region J\u00e4mtland-H\u00e4rjedalen, Region Norrbotten, Region V\u00e4sterbotten och Region V\u00e4sternorrland. Syftet \u00e4r att g\u00f6ra det l\u00e4ttare att ta del av, samt j\u00e4mf\u00f6ra, fakta, statistik och analys som tas fram av de fyra regionerna.<\/p>\n<p>De fyra regionerna har ett l\u00e5ngvarigt samarbete kring analyser inom en gemensam analyssamverkan, Analyssamverkan Norr. Kontaktuppgifter till oss som arbetar med sidan <a href=\"https:\/\/analysportalnorr.se\/#kontakt\">finns h\u00e4r<\/a>.<\/p>\n<p>&nbsp;<\/p>\n","protected":false},"excerpt":{"rendered":"<p>Sidan presenteras av de fyra nordligaste regionerna: Region J\u00e4mtland-H\u00e4rjedalen, Region Norrbotten, Region V\u00e4sterbotten och Region V\u00e4sternorrland. Syftet \u00e4r att g\u00f6ra det l\u00e4ttare att ta del av, samt j\u00e4mf\u00f6ra, fakta, statistik och analys som tas fram av de fyra regionerna. De fyra regionerna har ett l\u00e5ngvarigt samarbete kring analyser inom en gemensam analyssamverkan, Analyssamverkan Norr. Kontaktuppgifter [&hellip;]<\/p>\n","protected":false},"author":1,"featured_media":0,"parent":0,"menu_order":0,"comment_status":"closed","ping_status":"closed","template":"","meta":{"_et_pb_use_builder":"","_et_pb_old_content":"","_et_gb_content_width":"","footnotes":""},"class_list":["post-473","page","type-page","status-publish","hentry"],"_links":{"self":[{"href":"https:\/\/analysportalnorr.se\/index.php?rest_route=\/wp\/v2\/pages\/473","targetHints":{"allow":["GET"]}}],"collection":[{"href":"https:\/\/analysportalnorr.se\/index.php?rest_route=\/wp\/v2\/pages"}],"about":[{"href":"https:\/\/analysportalnorr.se\/index.php?rest_route=\/wp\/v2\/types\/page"}],"author":[{"embeddable":true,"href":"https:\/\/analysportalnorr.se\/index.php?rest_route=\/wp\/v2\/users\/1"}],"replies":[{"embeddable":true,"href":"https:\/\/analysportalnorr.se\/index.php?rest_route=%2Fwp%2Fv2%2Fcomments&post=473"}],"version-history":[{"count":6,"href":"https:\/\/analysportalnorr.se\/index.php?rest_route=\/wp\/v2\/pages\/473\/revisions"}],"predecessor-version":[{"id":765,"href":"https:\/\/analysportalnorr.se\/index.php?rest_route=\/wp\/v2\/pages\/473\/revisions\/765"}],"wp:attachment":[{"href":"https:\/\/analysportalnorr.se\/index.php?rest_route=%2Fwp%2Fv2%2Fmedia&parent=473"}],"curies":[{"name":"wp","href":"https:\/\/api.w.org\/{rel}","templated":true}]}}