{"id":52,"date":"2021-08-16T12:54:35","date_gmt":"2021-08-16T12:54:35","guid":{"rendered":"https:\/\/analysportalnorr.se\/?page_id=52"},"modified":"2026-04-30T10:49:09","modified_gmt":"2026-04-30T09:49:09","slug":"kunskap-och-fakta-om-de-fyra-nordligaste-lanen","status":"publish","type":"page","link":"https:\/\/analysportalnorr.se\/","title":{"rendered":"Fakta, statistik och analys om de fyra nordligaste l\u00e4nen"},"content":{"rendered":"<p>[et_pb_section fb_built=&#8221;1&#8243; _builder_version=&#8221;4.16&#8243; _module_preset=&#8221;default&#8221; custom_padding=&#8221;30px||30px||false|false&#8221; global_colors_info=&#8221;{}&#8221;][et_pb_row _builder_version=&#8221;4.16&#8243; _module_preset=&#8221;default&#8221; background_color=&#8221;RGBA(0,0,0,0)&#8221; global_colors_info=&#8221;{}&#8221;][et_pb_column type=&#8221;4_4&#8243; _builder_version=&#8221;4.16&#8243; _module_preset=&#8221;default&#8221; global_colors_info=&#8221;{}&#8221;][et_pb_slider _builder_version=&#8221;4.16&#8243; _module_preset=&#8221;default&#8221; header_font=&#8221;|700|||||||&#8221; body_font=&#8221;|700|||||||&#8221; body_font_size=&#8221;20px&#8221; height=&#8221;400px&#8221; auto=&#8221;on&#8221; hover_transition_duration=&#8221;400ms&#8221; box_shadow_style_image=&#8221;preset1&#8243; global_colors_info=&#8221;{}&#8221;][et_pb_slide heading=&#8221;V\u00e4lkommen till Analysportal NORR&#8221; _builder_version=&#8221;4.16&#8243; _module_preset=&#8221;default&#8221; background_color=&#8221;#1AB1E2&#8243; background_enable_color=&#8221;on&#8221; background_enable_image=&#8221;off&#8221; global_colors_info=&#8221;{}&#8221; sticky_transition=&#8221;on&#8221;][\/et_pb_slide][et_pb_slide heading=&#8221;Kunskap om de fyra nordligaste l\u00e4nen&#8221; _builder_version=&#8221;4.16&#8243; _module_preset=&#8221;default&#8221; background_color=&#8221;#1AB1E2&#8243; background_enable_color=&#8221;on&#8221; global_colors_info=&#8221;{}&#8221; sticky_transition=&#8221;on&#8221;]<\/p>\n<p>H\u00e4r finns fakta, statistik och analyser som tagits fram av regionerna f\u00f6r att fr\u00e4mja den regionala utvecklingen i l\u00e4nen<\/p>\n<p>[\/et_pb_slide][et_pb_slide heading=&#8221;Fyra regioner i samarbete&#8221; button_text=&#8221;@ET-DC@eyJkeW5hbWljIjp0cnVlLCJjb250ZW50IjoicG9zdF9saW5rIiwic2V0dGluZ3MiOnsiYmVmb3JlIjoiIiwiYWZ0ZXIiOiIiLCJ0ZXh0IjoiY3VzdG9tIiwiY3VzdG9tX3RleHQiOiJLb250YWt0In19@&#8221; button_link=&#8221;https:\/\/analysportalnorr.se\/#kontakt&#8221; _builder_version=&#8221;4.16&#8243; _dynamic_attributes=&#8221;button_text&#8221; _module_preset=&#8221;default&#8221; background_color=&#8221;#1AB1E2&#8243; background_enable_color=&#8221;on&#8221; global_colors_info=&#8221;{}&#8221; sticky_transition=&#8221;on&#8221;]<\/p>\n<p>De fyra nordligaste l\u00e4nen tillhandah\u00e5ller den h\u00e4r sidan inom ramen f\u00f6r en gemensam analyssamverkan, ett av m\u00e5nga region\u00f6verskridande samarbeten<\/p>\n<p>[\/et_pb_slide][\/et_pb_slider][\/et_pb_column][\/et_pb_row][\/et_pb_section][et_pb_section fb_built=&#8221;1&#8243; _builder_version=&#8221;4.16&#8243; _module_preset=&#8221;default&#8221; custom_padding=&#8221;0px||||false|false&#8221; global_colors_info=&#8221;{}&#8221;][et_pb_row _builder_version=&#8221;4.16&#8243; _module_preset=&#8221;default&#8221; module_alignment=&#8221;center&#8221; global_colors_info=&#8221;{}&#8221;][et_pb_column type=&#8221;4_4&#8243; _builder_version=&#8221;4.16&#8243; _module_preset=&#8221;default&#8221; global_colors_info=&#8221;{}&#8221;][et_pb_text _builder_version=&#8221;4.16&#8243; _dynamic_attributes=&#8221;link_option_url&#8221; _module_preset=&#8221;default&#8221; text_orientation=&#8221;center&#8221; width=&#8221;70%&#8221; module_alignment=&#8221;center&#8221; link_option_url=&#8221;@ET-DC@eyJkeW5hbWljIjp0cnVlLCJjb250ZW50IjoicG9zdF9tZXRhX2tleSIsInNldHRpbmdzIjp7ImJlZm9yZSI6IiIsImFmdGVyIjoiIiwibWV0YV9rZXkiOiIiLCJlbmFibGVfaHRtbCI6Im9mZiJ9fQ==@&#8221; global_colors_info=&#8221;{}&#8221;]<\/p>\n<h1>Fakta, statistik och analys f\u00f6r J\u00e4mtland, Norrbotten, V\u00e4sterbotten och V\u00e4sternorrland<\/h1>\n<p>Filtrera bland fakta, statistik och analys p\u00e5 sidan genom att v\u00e4lja l\u00e4n och\/eller tema (flera val \u00e4r m\u00f6jliga). Det g\u00e5r \u00e4ven att anv\u00e4nda s\u00f6kfunktionen (ensamt eller i kombination med filtreringen). N\u00e4r du funnit \u00f6nskat material, klicka p\u00e5 rutan f\u00f6r att \u00f6ppna det.<\/p>\n<p><em>Publikationerna best\u00e5r av typerna: PM, rapport och visualiseringar.<\/em><\/p>\n<p>Om du vill ta del av fakta, statistik och analys som inte \u00e4r tillg\u00e4ngligt f\u00f6r dig &#8211; <strong><a href=\"https:\/\/analysportalnorr.se\/#kontakt\">ta kontakt med oss<\/a>.<\/strong><\/p>\n<p>[\/et_pb_text][\/et_pb_column][\/et_pb_row][et_pb_row _builder_version=&#8221;4.16&#8243; _dynamic_attributes=&#8221;link_option_url&#8221; _module_preset=&#8221;default&#8221; link_option_url=&#8221;@ET-DC@eyJkeW5hbWljIjp0cnVlLCJjb250ZW50IjoicG9zdF9tZXRhX2tleSIsInNldHRpbmdzIjp7ImJlZm9yZSI6IiIsImFmdGVyIjoiIiwibWV0YV9rZXkiOiJMXHUwMGU0bmsiLCJlbmFibGVfaHRtbCI6Im9mZiJ9fQ==@&#8221; global_colors_info=&#8221;{}&#8221;][et_pb_column type=&#8221;4_4&#8243; _builder_version=&#8221;4.16&#8243; _module_preset=&#8221;default&#8221; global_colors_info=&#8221;{}&#8221;][dpdfg_filtergrid custom_query=&#8221;advanced&#8221; orderby=&#8221;modified&#8221; no_results=&#8221;Inget material matchar s\u00f6kordet&#8221; title_link=&#8221;on&#8221; show_post_meta=&#8221;off&#8221; read_more_window=&#8221;on&#8221; show_custom_fields=&#8221;on&#8221; custom_fields=&#8221;%91{%22name%22:%22Beskrivning%22,%22label%22:%22%22}%93&#8243; custom_url=&#8221;on&#8221; custom_url_field_name=&#8221;L\u00e4nk&#8221; custom_url_target=&#8221;on&#8221; multilevel=&#8221;on&#8221; multilevel_tax_data=&#8221;%91{%22name%22:%22category%22,%22label%22:%22%22,%22all%22:%22L\u00e4n%22},{%22name%22:%22post_tag%22,%22label%22:%22%22,%22all%22:%22Tema%22}%93&#8243; filter_terms=&#8221;4,7,6,5,17,12,18,14,11,15,10&#8243; filters_sort=&#8221;name&#8221; multifilter=&#8221;on&#8221; use_overlay_icon=&#8221;off&#8221; show_search=&#8221;on&#8221; search_placeholder=&#8221;S\u00f6k, t ex 2021, klimat, &#8230;&#8221; search_position=&#8221;below&#8221; bg_items=&#8221;rgba(214,214,214,0.14)&#8221; _builder_version=&#8221;4.16&#8243; _module_preset=&#8221;default&#8221; dpdfg_entry_title_text_color=&#8221;#000000&#8243; dpdfg_entry_cf_value_font=&#8221;||||||||&#8221; dpdfg_entry_cf_value_font_size=&#8221;11px&#8221; dpdfg_filters_font=&#8221;|600|||||||&#8221; dpdfg_filters_text_color=&#8221;rgba(0,0,0,0.63)&#8221; dpdfg_filters_active_font=&#8221;|700|||||||&#8221; dpdfg_levels_labels_text_color=&#8221;#1AB1E2&#8243; dpdfg_dropdown_tags_text_color=&#8221;#1AB1E2&#8243; dpdfg_pagination_font_size=&#8221;12px&#8221; custom_load_more_button=&#8221;on&#8221; load_more_button_text_size=&#8221;14px&#8221; load_more_button_text_color=&#8221;#FFFFFF&#8221; load_more_button_bg_color=&#8221;#1AB1E2&#8243; load_more_button_border_color=&#8221;RGBA(0,0,0,0)&#8221; load_more_button_use_icon=&#8221;off&#8221; load_more_button_alignment=&#8221;center&#8221; load_more_button_text_size_tablet=&#8221;10px&#8221; load_more_button_text_size_last_edited=&#8221;off|tablet&#8221; global_colors_info=&#8221;{}&#8221;][\/dpdfg_filtergrid][\/et_pb_column][\/et_pb_row][\/et_pb_section][et_pb_section fb_built=&#8221;1&#8243; _builder_version=&#8221;4.16&#8243; _module_preset=&#8221;default&#8221; global_colors_info=&#8221;{}&#8221;][et_pb_row column_structure=&#8221;1_4,1_4,1_4,1_4&#8243; make_equal=&#8221;on&#8221; module_id=&#8221;kontakt&#8221; _builder_version=&#8221;4.16&#8243; _module_preset=&#8221;default&#8221; module_alignment_tablet=&#8221;&#8221; module_alignment_phone=&#8221;right&#8221; module_alignment_last_edited=&#8221;on|phone&#8221; global_colors_info=&#8221;{}&#8221;][et_pb_column type=&#8221;1_4&#8243; _builder_version=&#8221;4.16&#8243; _module_preset=&#8221;default&#8221; global_colors_info=&#8221;{}&#8221;][et_pb_text content_tablet=&#8221;<\/p>\n<p style=%22text-align: justify;%22><a href=%22https:\/\/regionjh.se\/regionalutveckling.4.441565241545cc19e9f38.html%22><img src=%22https:\/\/analysportalnorr.se\/wp-content\/uploads\/2021\/09\/RJH-300x86-1.png%22 width=%22147%22 height=%2242%22 alt=%22%22 class=%22wp-image-406 alignnone size-full%22 \/><\/a><a href=%22mailto:emma.g.persson@regionjh.se%22><\/a><\/p>\n<p style=%22text-align: justify;%22><a href=%22mailto:ilkka.kemppainen@regionjh.se%22>Statistiker &#8211; Ilkka Kemppainen<\/a><\/p>\n<p><a href=%22mailto:emma.g.persson@regionjh.se%22>Statistiker &#8211; Emma Persson<\/a><\/p>\n<p>&#8221; content_phone=&#8221;<\/p>\n<p style=%22text-align: justify;%22><a href=%22https:\/\/regionjh.se\/regionalutveckling.4.441565241545cc19e9f38.html%22><img src=%22https:\/\/analysportalnorr.se\/wp-content\/uploads\/2021\/09\/RJH-300x86-1.png%22 width=%22153%22 height=%2244%22 alt=%22%22 class=%22wp-image-406 alignnone size-full%22 \/><\/a><a href=%22mailto:emma.g.persson@regionjh.se%22><\/a><\/p>\n<p style=%22text-align: justify;%22><a href=%22mailto:ilkka.kemppainen@regionjh.se%22>Statistiker &#8211; Ilkka Kemppainen<\/a><\/p>\n<p><a href=%22mailto:emma.g.persson@regionjh.se%22>Statistiker &#8211; Emma Persson<\/a><\/p>\n<p>&#8221; content_last_edited=&#8221;on|desktop&#8221; _builder_version=&#8221;4.27.0&#8243; _module_preset=&#8221;default&#8221; global_colors_info=&#8221;{}&#8221;]<\/p>\n<p style=\"text-align: justify;\"><a title=\"Regional utveckling vid Region J\u00e4mtland-H\u00e4rjedalen\" href=\"https:\/\/regionjh.se\/regionalutveckling.4.441565241545cc19e9f38.html\"><img loading=\"lazy\" decoding=\"async\" class=\"wp-image-406 alignnone size-full\" src=\"https:\/\/analysportalnorr.se\/wp-content\/uploads\/2024\/11\/RJH-logotyp_uppdaterad_300x86.png\" alt=\"\" width=\"300\" height=\"86\" \/><\/a><\/p>\n<p><strong><a href=\"mailto:ilkka.kemppainen@regionjh.se\">Analytiker &#8211; Ilkka Kemppainen<\/a><\/strong><\/p>\n<p><strong><a href=\"mailto:emma.g.persson@regionjh.se\">Analytiker &#8211; Emma Persson<\/a><\/strong><\/p>\n<p>[\/et_pb_text][\/et_pb_column][et_pb_column type=&#8221;1_4&#8243; _builder_version=&#8221;4.16&#8243; _module_preset=&#8221;default&#8221; global_colors_info=&#8221;{}&#8221;][et_pb_text content_tablet=&#8221;<\/p>\n<p><a href=%22https:\/\/www.norrbotten.se\/sv\/Utveckling-och-tillvaxt\/%22><img src=%22https:\/\/analysportalnorr.se\/wp-content\/uploads\/2021\/09\/RNB-300x86-1.png%22 width=%22147%22 height=%2242%22 alt=%22%22 class=%22wp-image-407 alignnone size-full%22 \/><\/a><\/p>\n<p>&#8221; content_phone=&#8221;<\/p>\n<p style=%22text-align: left;%22><img src=%22https:\/\/analysportalnorr.se\/wp-content\/uploads\/2021\/09\/RNB-300x86-1.png%22 width=%22147%22 height=%2242%22 alt=%22%22 class=%22wp-image-407 alignnone size-full%22 \/><\/p>\n<p>&#8221; content_last_edited=&#8221;on|tablet&#8221; _builder_version=&#8221;4.27.0&#8243; _module_preset=&#8221;default&#8221; custom_padding=&#8221;||53px|||&#8221; global_colors_info=&#8221;{}&#8221;]<\/p>\n<p><a href=\"https:\/\/utvecklanorrbotten.se\/\" title=\"Utveckla Norrbotten, en del av Region Norrbotten\"><img loading=\"lazy\" decoding=\"async\" src=\"https:\/\/analysportalnorr.se\/wp-content\/uploads\/2021\/09\/RNB-300x86-1.png\" width=\"300\" height=\"86\" alt=\"\" class=\"wp-image-407 alignnone size-full\" \/><\/a><\/p>\n<p><strong><a href=\"mailto:ylva.sarden@norrbotten.se\">Strateg &#8211; Ylva Sard\u00e9n<\/a><\/strong><\/p>\n<p><a href=\"mailto:joe.lindehag@norrbotten.se\"><strong>Statistiker &#8211; Joe Lindehag<\/strong><\/a><\/p>\n<p>[\/et_pb_text][\/et_pb_column][et_pb_column type=&#8221;1_4&#8243; _builder_version=&#8221;4.16&#8243; _module_preset=&#8221;default&#8221; global_colors_info=&#8221;{}&#8221;][et_pb_text content_tablet=&#8221;<\/p>\n<p><img src=%22https:\/\/analysportalnorr.se\/wp-content\/uploads\/2021\/09\/RVB-300x86-1.png%22 width=%22143%22 height=%2241%22 alt=%22%22 class=%22wp-image-408 alignnone size-full%22 \/><\/p>\n<p><a href=%22mailto:anna.norin@regionvasterbotten.se%22>Strateg analys &#8211; Anna Norin<\/a><\/p>\n<p>&#8221; content_phone=&#8221;<\/p>\n<p><img src=%22https:\/\/analysportalnorr.se\/wp-content\/uploads\/2021\/09\/RVB-300x86-1.png%22 width=%22143%22 height=%2241%22 alt=%22%22 class=%22wp-image-408 alignnone size-full%22 \/><\/p>\n<p><a href=%22mailto:anna.norin@regionvasterbotten.se%22>Strateg analys &#8211; Anna Norin<\/a><\/p>\n<p>&#8221; content_last_edited=&#8221;on|desktop&#8221; _builder_version=&#8221;4.16&#8243; _module_preset=&#8221;default&#8221; global_colors_info=&#8221;{}&#8221;]<\/p>\n<p><a href=\"https:\/\/regionvasterbotten.se\/\" title=\"Region V\u00e4sterbotten\"><img loading=\"lazy\" decoding=\"async\" src=\"https:\/\/analysportalnorr.se\/wp-content\/uploads\/2021\/09\/RVB-300x86-1.png\" width=\"300\" height=\"86\" alt=\"\" class=\"wp-image-408 alignnone size-full\" \/><\/a><\/p>\n<p><strong><a href=\"mailto:anna.norin@regionvasterbotten.se\">Strateg analys &#8211; Anna Norin<\/a><\/strong><\/p>\n<p>[\/et_pb_text][\/et_pb_column][et_pb_column type=&#8221;1_4&#8243; _builder_version=&#8221;4.16&#8243; _module_preset=&#8221;default&#8221; global_colors_info=&#8221;{}&#8221;][et_pb_text content_tablet=&#8221;<\/p>\n<p><a href=%22https:\/\/www.rvn.se\/sv\/Utveckling\/%22><img src=%22https:\/\/analysportalnorr.se\/wp-content\/uploads\/2021\/09\/RVN-300x86-1.png%22 width=%22147%22 height=%2242%22 alt=%22%22 class=%22wp-image-409 alignnone size-full%22 \/><\/a><\/p>\n<p><a title=%22gunnar.holmgren@rvn.se%22 href=%22mailto:gunnar.holmgren@rvn.se%22 data-et-target-link=%22_blank%22 rel=%22noopener%22>Analytiker &#8211; Gunnar Holmgren<\/a><\/p>\n<p><a title=%22christian.forsberg@rvn.se%22 href=%22mailto:christian.forsberg@rvn.se%22 data-et-target-link=%22_blank%22 rel=%22noopener%22>Analytiker &#8211; Christian Forsberg<\/a><\/p>\n<p>&#8221; content_phone=&#8221;<\/p>\n<p><a href=%22https:\/\/www.rvn.se\/sv\/Utveckling\/%22><img src=%22https:\/\/analysportalnorr.se\/wp-content\/uploads\/2021\/09\/RVN-300x86-1.png%22 width=%22147%22 height=%2242%22 alt=%22%22 class=%22wp-image-409 alignnone size-full%22 \/><\/a><\/p>\n<p><a title=%22gunnar.holmgren@rvn.se%22 href=%22mailto:gunnar.holmgren@rvn.se%22 data-et-target-link=%22_blank%22 rel=%22noopener%22>Analytiker &#8211; Gunnar Holmgren<\/a><\/p>\n<p><a title=%22christian.forsberg@rvn.se%22 href=%22mailto:christian.forsberg@rvn.se%22 data-et-target-link=%22_blank%22 rel=%22noopener%22>Analytiker &#8211; Christian Forsberg<\/a><\/p>\n<p>&#8221; content_last_edited=&#8221;on|desktop&#8221; _builder_version=&#8221;4.27.4&#8243; _module_preset=&#8221;default&#8221; global_colors_info=&#8221;{}&#8221;]<\/p>\n<p><a href=\"https:\/\/www.rvn.se\/sv\/Utveckling\/\"><img loading=\"lazy\" decoding=\"async\" src=\"https:\/\/analysportalnorr.se\/wp-content\/uploads\/2021\/09\/RVN-300x86-1.png\" width=\"300\" height=\"86\" alt=\"\" class=\"wp-image-409 alignnone size-full\" \/><\/a><\/p>\n<p><strong><a title=\"katharina.pedri@rvn.se\" href=\"mailto:katharina.pedri@rvn.se\" target=\"_blank\" rel=\"noopener\">Analytiker &#8211; Katharina Pedri<\/a><\/strong><\/p>\n<p><strong><a title=\"christian.forsberg@rvn.se\" href=\"mailto:christian.forsberg@rvn.se\" target=\"_blank\" rel=\"noopener\">Analytiker &#8211; Christian Forsberg<\/a><\/strong><\/p>\n<p>[\/et_pb_text][\/et_pb_column][\/et_pb_row][\/et_pb_section]<\/p>\n","protected":false},"excerpt":{"rendered":"<p><meta name=\"google-site-verification\" content=\"JPpHhNEDRSv0_iR61rCCypgntyedH2pyNGLN9aRw17A\" \/><\/p>\n","protected":false},"author":1,"featured_media":0,"parent":0,"menu_order":0,"comment_status":"closed","ping_status":"closed","template":"","meta":{"_et_pb_use_builder":"on","_et_pb_old_content":"","_et_gb_content_width":"","footnotes":""},"class_list":["post-52","page","type-page","status-publish","hentry"],"_links":{"self":[{"href":"https:\/\/analysportalnorr.se\/index.php?rest_route=\/wp\/v2\/pages\/52","targetHints":{"allow":["GET"]}}],"collection":[{"href":"https:\/\/analysportalnorr.se\/index.php?rest_route=\/wp\/v2\/pages"}],"about":[{"href":"https:\/\/analysportalnorr.se\/index.php?rest_route=\/wp\/v2\/types\/page"}],"author":[{"embeddable":true,"href":"https:\/\/analysportalnorr.se\/index.php?rest_route=\/wp\/v2\/users\/1"}],"replies":[{"embeddable":true,"href":"https:\/\/analysportalnorr.se\/index.php?rest_route=%2Fwp%2Fv2%2Fcomments&post=52"}],"version-history":[{"count":119,"href":"https:\/\/analysportalnorr.se\/index.php?rest_route=\/wp\/v2\/pages\/52\/revisions"}],"predecessor-version":[{"id":3532,"href":"https:\/\/analysportalnorr.se\/index.php?rest_route=\/wp\/v2\/pages\/52\/revisions\/3532"}],"wp:attachment":[{"href":"https:\/\/analysportalnorr.se\/index.php?rest_route=%2Fwp%2Fv2%2Fmedia&parent=52"}],"curies":[{"name":"wp","href":"https:\/\/api.w.org\/{rel}","templated":true}]}}